{"id":942,"date":"2023-01-14T11:46:06","date_gmt":"2023-01-14T09:46:06","guid":{"rendered":"https:\/\/felicjanki.edu.pl\/?page_id=942"},"modified":"2023-01-14T11:46:06","modified_gmt":"2023-01-14T09:46:06","slug":"inwestycje-w-oswiacie","status":"publish","type":"page","link":"https:\/\/felicjanki.edu.pl\/?page_id=942","title":{"rendered":"Inwestycje w o\u015bwiacie"},"content":{"rendered":"\n<p><\/p>\n\n\n\n<div class=\"wp-block-image\"><figure class=\"alignleft size-full is-resized\"><img loading=\"lazy\" decoding=\"async\" src=\"https:\/\/felicjanki.edu.pl\/wp-content\/uploads\/2023\/01\/Godla-2.png\" alt=\"\" class=\"wp-image-947\" width=\"285\" height=\"160\" srcset=\"https:\/\/felicjanki.edu.pl\/wp-content\/uploads\/2023\/01\/Godla-2.png 946w, https:\/\/felicjanki.edu.pl\/wp-content\/uploads\/2023\/01\/Godla-2-300x169.png 300w, https:\/\/felicjanki.edu.pl\/wp-content\/uploads\/2023\/01\/Godla-2-768x432.png 768w, https:\/\/felicjanki.edu.pl\/wp-content\/uploads\/2023\/01\/Godla-2-800x450.png 800w\" sizes=\"auto, (max-width: 285px) 100vw, 285px\" \/><\/figure><\/div>\n\n\n\n<figure class=\"wp-block-image size-full is-resized\"><img loading=\"lazy\" decoding=\"async\" src=\"https:\/\/felicjanki.edu.pl\/wp-content\/uploads\/2023\/01\/log-MEiN-1.png\" alt=\"\" class=\"wp-image-946\" width=\"394\" height=\"159\" srcset=\"https:\/\/felicjanki.edu.pl\/wp-content\/uploads\/2023\/01\/log-MEiN-1.png 557w, https:\/\/felicjanki.edu.pl\/wp-content\/uploads\/2023\/01\/log-MEiN-1-300x121.png 300w\" sizes=\"auto, (max-width: 394px) 100vw, 394px\" \/><\/figure>\n\n\n\n<p class=\"has-text-align-center\">Szko\u0142a Podstawowa Si\u00f3str Felicjanek nr 28 im. b\u0142. M. Angeli Truszkowskiej w Warszawie,<\/p>\n\n\n\n<p class=\"has-text-align-center\">prowadzona przez Zgromadzenie Si\u00f3str \u015bw. Feliksa z Kantalicjo Prowincj\u0119 Matki Bo\u017cej Kr\u00f3lowej Polski w Warszawie,\u00a0<\/p>\n\n\n\n<p class=\"has-text-align-center\">uzyska\u0142a dotacj\u0119 <strong>celow\u0105 z programu Ministerstwa Edukacji i Nauki \u201eInwestycje w o\u015bwiacie\u201d <\/strong><\/p>\n\n\n\n<p class=\"has-text-align-center\">na dofinansowanie koszt\u00f3w realizacji remontu schod\u00f3w, g\u0142\u00f3wnej klatki schodowej szko\u0142y oraz przylegaj\u0105cych do niej korytarzy i sal dydaktycznych znajduj\u0105cych si\u0119 we wschodnim skrzydle budynku.<\/p>\n\n\n\n<p class=\"has-text-align-center\">Wysoko\u015b\u0107 dotacji: 1&nbsp;300&nbsp;000 z\u0142,<\/p>\n\n\n\n<p class=\"has-text-align-center\">Warto\u015b\u0107 ca\u0142kowita zadania: 1&nbsp;453&nbsp;114, 50 z\u0142.<\/p>\n","protected":false},"excerpt":{"rendered":"<p>Szko\u0142a Podstawowa Si\u00f3str Felicjanek nr 28 im. b\u0142. M. Angeli Truszkowskiej w Warszawie, prowadzona przez Zgromadzenie Si\u00f3str \u015bw. Feliksa z Kantalicjo Prowincj\u0119 Matki Bo\u017cej Kr\u00f3lowej Polski w Warszawie,\u00a0 uzyska\u0142a dotacj\u0119 celow\u0105 z programu Ministerstwa Edukacji i Nauki \u201eInwestycje w o\u015bwiacie\u201d na dofinansowanie koszt\u00f3w realizacji remontu schod\u00f3w, g\u0142\u00f3wnej klatki schodowej szko\u0142y oraz przylegaj\u0105cych do niej korytarzy [&hellip;]<\/p>\n","protected":false},"author":1,"featured_media":0,"parent":0,"menu_order":0,"comment_status":"closed","ping_status":"closed","template":"","meta":{"footnotes":""},"class_list":["post-942","page","type-page","status-publish","hentry","entry"],"_links":{"self":[{"href":"https:\/\/felicjanki.edu.pl\/index.php?rest_route=\/wp\/v2\/pages\/942","targetHints":{"allow":["GET"]}}],"collection":[{"href":"https:\/\/felicjanki.edu.pl\/index.php?rest_route=\/wp\/v2\/pages"}],"about":[{"href":"https:\/\/felicjanki.edu.pl\/index.php?rest_route=\/wp\/v2\/types\/page"}],"author":[{"embeddable":true,"href":"https:\/\/felicjanki.edu.pl\/index.php?rest_route=\/wp\/v2\/users\/1"}],"replies":[{"embeddable":true,"href":"https:\/\/felicjanki.edu.pl\/index.php?rest_route=%2Fwp%2Fv2%2Fcomments&post=942"}],"version-history":[{"count":1,"href":"https:\/\/felicjanki.edu.pl\/index.php?rest_route=\/wp\/v2\/pages\/942\/revisions"}],"predecessor-version":[{"id":949,"href":"https:\/\/felicjanki.edu.pl\/index.php?rest_route=\/wp\/v2\/pages\/942\/revisions\/949"}],"wp:attachment":[{"href":"https:\/\/felicjanki.edu.pl\/index.php?rest_route=%2Fwp%2Fv2%2Fmedia&parent=942"}],"curies":[{"name":"wp","href":"https:\/\/api.w.org\/{rel}","templated":true}]}}