{"id":610,"date":"2022-10-03T20:21:33","date_gmt":"2022-10-03T18:21:33","guid":{"rendered":"https:\/\/felicjanki.edu.pl\/?page_id=610"},"modified":"2023-01-18T22:05:40","modified_gmt":"2023-01-18T20:05:40","slug":"bibioteka","status":"publish","type":"page","link":"https:\/\/felicjanki.edu.pl\/?page_id=610","title":{"rendered":"Bibioteka"},"content":{"rendered":"\n<p class=\"has-text-align-center has-light-green-cyan-background-color has-background\">Biblioteka szkolna jest otwarta dla uczni\u00f3w <strong>od poniedzia\u0142ku do pi\u0105tku w godz. 8:30 &#8211; 15:50.<\/strong> <\/p>\n\n\n\n<p class=\"has-text-align-center\"><strong>W pi\u0105tki <\/strong>zwracamy Wasz\u0105 uwag\u0119 na <strong>przerw\u0119 w godz. 14:30-15:00.<\/strong><\/p>\n\n\n\n<p><\/p>\n\n\n\n<h2 class=\"has-text-align-center wp-block-heading\">Zapraszamy do zapoznania si\u0119 z nowo\u015bciami czytelniczymi \ud83d\ude42<\/h2>\n\n\n\n<figure class=\"wp-block-gallery columns-3 is-cropped wp-block-gallery-1 is-layout-flex wp-block-gallery-is-layout-flex\"><ul class=\"blocks-gallery-grid\"><li class=\"blocks-gallery-item\"><figure><img loading=\"lazy\" decoding=\"async\" width=\"1024\" height=\"576\" src=\"https:\/\/felicjanki.edu.pl\/wp-content\/uploads\/2023\/01\/Zdje\u0328cie-od-Marzen-20-1024x576.jpg\" alt=\"\" data-id=\"1008\" data-full-url=\"https:\/\/felicjanki.edu.pl\/wp-content\/uploads\/2023\/01\/Zdje\u0328cie-od-Marzen-20.jpg\" data-link=\"https:\/\/felicjanki.edu.pl\/?attachment_id=1008\" class=\"wp-image-1008\" srcset=\"https:\/\/felicjanki.edu.pl\/wp-content\/uploads\/2023\/01\/Zdje\u0328cie-od-Marzen-20-1024x576.jpg 1024w, https:\/\/felicjanki.edu.pl\/wp-content\/uploads\/2023\/01\/Zdje\u0328cie-od-Marzen-20-300x169.jpg 300w, https:\/\/felicjanki.edu.pl\/wp-content\/uploads\/2023\/01\/Zdje\u0328cie-od-Marzen-20-768x432.jpg 768w, https:\/\/felicjanki.edu.pl\/wp-content\/uploads\/2023\/01\/Zdje\u0328cie-od-Marzen-20-1536x864.jpg 1536w, https:\/\/felicjanki.edu.pl\/wp-content\/uploads\/2023\/01\/Zdje\u0328cie-od-Marzen-20-800x450.jpg 800w, https:\/\/felicjanki.edu.pl\/wp-content\/uploads\/2023\/01\/Zdje\u0328cie-od-Marzen-20.jpg 1600w\" sizes=\"auto, (max-width: 1024px) 100vw, 1024px\" \/><\/figure><\/li><li class=\"blocks-gallery-item\"><figure><img loading=\"lazy\" decoding=\"async\" width=\"1024\" height=\"576\" src=\"https:\/\/felicjanki.edu.pl\/wp-content\/uploads\/2023\/01\/Zdje\u0328cie-od-Marzen-19-1024x576.jpg\" alt=\"\" data-id=\"1006\" data-full-url=\"https:\/\/felicjanki.edu.pl\/wp-content\/uploads\/2023\/01\/Zdje\u0328cie-od-Marzen-19.jpg\" data-link=\"https:\/\/felicjanki.edu.pl\/?attachment_id=1006\" class=\"wp-image-1006\" srcset=\"https:\/\/felicjanki.edu.pl\/wp-content\/uploads\/2023\/01\/Zdje\u0328cie-od-Marzen-19-1024x576.jpg 1024w, https:\/\/felicjanki.edu.pl\/wp-content\/uploads\/2023\/01\/Zdje\u0328cie-od-Marzen-19-300x169.jpg 300w, https:\/\/felicjanki.edu.pl\/wp-content\/uploads\/2023\/01\/Zdje\u0328cie-od-Marzen-19-768x432.jpg 768w, https:\/\/felicjanki.edu.pl\/wp-content\/uploads\/2023\/01\/Zdje\u0328cie-od-Marzen-19-1536x864.jpg 1536w, https:\/\/felicjanki.edu.pl\/wp-content\/uploads\/2023\/01\/Zdje\u0328cie-od-Marzen-19-800x450.jpg 800w, https:\/\/felicjanki.edu.pl\/wp-content\/uploads\/2023\/01\/Zdje\u0328cie-od-Marzen-19.jpg 1600w\" sizes=\"auto, (max-width: 1024px) 100vw, 1024px\" \/><\/figure><\/li><li class=\"blocks-gallery-item\"><figure><img loading=\"lazy\" decoding=\"async\" width=\"1024\" height=\"768\" src=\"https:\/\/felicjanki.edu.pl\/wp-content\/uploads\/2022\/10\/Zdje\u0328cie-od-Marzen-2-1024x768.jpg\" alt=\"\" data-id=\"670\" data-full-url=\"https:\/\/felicjanki.edu.pl\/wp-content\/uploads\/2022\/10\/Zdje\u0328cie-od-Marzen-2.jpg\" data-link=\"https:\/\/felicjanki.edu.pl\/?attachment_id=670\" class=\"wp-image-670\" srcset=\"https:\/\/felicjanki.edu.pl\/wp-content\/uploads\/2022\/10\/Zdje\u0328cie-od-Marzen-2-1024x768.jpg 1024w, https:\/\/felicjanki.edu.pl\/wp-content\/uploads\/2022\/10\/Zdje\u0328cie-od-Marzen-2-300x225.jpg 300w, https:\/\/felicjanki.edu.pl\/wp-content\/uploads\/2022\/10\/Zdje\u0328cie-od-Marzen-2-768x576.jpg 768w, https:\/\/felicjanki.edu.pl\/wp-content\/uploads\/2022\/10\/Zdje\u0328cie-od-Marzen-2-1536x1152.jpg 1536w, https:\/\/felicjanki.edu.pl\/wp-content\/uploads\/2022\/10\/Zdje\u0328cie-od-Marzen-2.jpg 2048w\" sizes=\"auto, (max-width: 1024px) 100vw, 1024px\" \/><\/figure><\/li><li class=\"blocks-gallery-item\"><figure><img loading=\"lazy\" decoding=\"async\" width=\"1024\" height=\"768\" src=\"https:\/\/felicjanki.edu.pl\/wp-content\/uploads\/2022\/10\/Zdje\u0328cie-od-Marzen-3-1-1024x768.jpg\" alt=\"\" data-id=\"669\" data-full-url=\"https:\/\/felicjanki.edu.pl\/wp-content\/uploads\/2022\/10\/Zdje\u0328cie-od-Marzen-3-1.jpg\" data-link=\"https:\/\/felicjanki.edu.pl\/?attachment_id=669\" class=\"wp-image-669\" srcset=\"https:\/\/felicjanki.edu.pl\/wp-content\/uploads\/2022\/10\/Zdje\u0328cie-od-Marzen-3-1-1024x768.jpg 1024w, https:\/\/felicjanki.edu.pl\/wp-content\/uploads\/2022\/10\/Zdje\u0328cie-od-Marzen-3-1-300x225.jpg 300w, https:\/\/felicjanki.edu.pl\/wp-content\/uploads\/2022\/10\/Zdje\u0328cie-od-Marzen-3-1-768x576.jpg 768w, https:\/\/felicjanki.edu.pl\/wp-content\/uploads\/2022\/10\/Zdje\u0328cie-od-Marzen-3-1-1536x1152.jpg 1536w, https:\/\/felicjanki.edu.pl\/wp-content\/uploads\/2022\/10\/Zdje\u0328cie-od-Marzen-3-1.jpg 2048w\" sizes=\"auto, (max-width: 1024px) 100vw, 1024px\" \/><\/figure><\/li><li class=\"blocks-gallery-item\"><figure><img loading=\"lazy\" decoding=\"async\" width=\"1024\" height=\"768\" src=\"https:\/\/felicjanki.edu.pl\/wp-content\/uploads\/2022\/10\/Zdje\u0328cie-od-Marzen-4-1-1024x768.jpg\" alt=\"\" data-id=\"668\" data-full-url=\"https:\/\/felicjanki.edu.pl\/wp-content\/uploads\/2022\/10\/Zdje\u0328cie-od-Marzen-4-1.jpg\" data-link=\"https:\/\/felicjanki.edu.pl\/?attachment_id=668\" class=\"wp-image-668\" srcset=\"https:\/\/felicjanki.edu.pl\/wp-content\/uploads\/2022\/10\/Zdje\u0328cie-od-Marzen-4-1-1024x768.jpg 1024w, https:\/\/felicjanki.edu.pl\/wp-content\/uploads\/2022\/10\/Zdje\u0328cie-od-Marzen-4-1-300x225.jpg 300w, https:\/\/felicjanki.edu.pl\/wp-content\/uploads\/2022\/10\/Zdje\u0328cie-od-Marzen-4-1-768x576.jpg 768w, https:\/\/felicjanki.edu.pl\/wp-content\/uploads\/2022\/10\/Zdje\u0328cie-od-Marzen-4-1-1536x1152.jpg 1536w, https:\/\/felicjanki.edu.pl\/wp-content\/uploads\/2022\/10\/Zdje\u0328cie-od-Marzen-4-1.jpg 2048w\" sizes=\"auto, (max-width: 1024px) 100vw, 1024px\" \/><\/figure><\/li><li class=\"blocks-gallery-item\"><figure><img loading=\"lazy\" decoding=\"async\" width=\"1024\" height=\"768\" src=\"https:\/\/felicjanki.edu.pl\/wp-content\/uploads\/2022\/10\/Zdje\u0328cie-od-Marzen-4-1024x768.jpg\" alt=\"\" data-id=\"667\" data-full-url=\"https:\/\/felicjanki.edu.pl\/wp-content\/uploads\/2022\/10\/Zdje\u0328cie-od-Marzen-4.jpg\" data-link=\"https:\/\/felicjanki.edu.pl\/?attachment_id=667\" class=\"wp-image-667\" srcset=\"https:\/\/felicjanki.edu.pl\/wp-content\/uploads\/2022\/10\/Zdje\u0328cie-od-Marzen-4-1024x768.jpg 1024w, https:\/\/felicjanki.edu.pl\/wp-content\/uploads\/2022\/10\/Zdje\u0328cie-od-Marzen-4-300x225.jpg 300w, https:\/\/felicjanki.edu.pl\/wp-content\/uploads\/2022\/10\/Zdje\u0328cie-od-Marzen-4-768x576.jpg 768w, https:\/\/felicjanki.edu.pl\/wp-content\/uploads\/2022\/10\/Zdje\u0328cie-od-Marzen-4-1536x1152.jpg 1536w, https:\/\/felicjanki.edu.pl\/wp-content\/uploads\/2022\/10\/Zdje\u0328cie-od-Marzen-4.jpg 2048w\" sizes=\"auto, (max-width: 1024px) 100vw, 1024px\" \/><\/figure><\/li><li class=\"blocks-gallery-item\"><figure><img loading=\"lazy\" decoding=\"async\" width=\"1024\" height=\"576\" src=\"https:\/\/felicjanki.edu.pl\/wp-content\/uploads\/2022\/10\/Zdje\u0328cie-od-Marzen-3-1024x576.jpg\" alt=\"\" data-id=\"666\" data-full-url=\"https:\/\/felicjanki.edu.pl\/wp-content\/uploads\/2022\/10\/Zdje\u0328cie-od-Marzen-3.jpg\" data-link=\"https:\/\/felicjanki.edu.pl\/?attachment_id=666\" class=\"wp-image-666\" srcset=\"https:\/\/felicjanki.edu.pl\/wp-content\/uploads\/2022\/10\/Zdje\u0328cie-od-Marzen-3-1024x576.jpg 1024w, https:\/\/felicjanki.edu.pl\/wp-content\/uploads\/2022\/10\/Zdje\u0328cie-od-Marzen-3-300x169.jpg 300w, https:\/\/felicjanki.edu.pl\/wp-content\/uploads\/2022\/10\/Zdje\u0328cie-od-Marzen-3-768x432.jpg 768w, https:\/\/felicjanki.edu.pl\/wp-content\/uploads\/2022\/10\/Zdje\u0328cie-od-Marzen-3-1536x864.jpg 1536w, https:\/\/felicjanki.edu.pl\/wp-content\/uploads\/2022\/10\/Zdje\u0328cie-od-Marzen-3-800x450.jpg 800w, https:\/\/felicjanki.edu.pl\/wp-content\/uploads\/2022\/10\/Zdje\u0328cie-od-Marzen-3.jpg 2048w\" sizes=\"auto, (max-width: 1024px) 100vw, 1024px\" \/><\/figure><\/li><li class=\"blocks-gallery-item\"><figure><img loading=\"lazy\" decoding=\"async\" width=\"1024\" height=\"576\" src=\"https:\/\/felicjanki.edu.pl\/wp-content\/uploads\/2022\/10\/Zdje\u0328cie-od-Marzen-1-1024x576.jpg\" alt=\"\" data-id=\"665\" data-full-url=\"https:\/\/felicjanki.edu.pl\/wp-content\/uploads\/2022\/10\/Zdje\u0328cie-od-Marzen-1.jpg\" data-link=\"https:\/\/felicjanki.edu.pl\/?attachment_id=665\" class=\"wp-image-665\" srcset=\"https:\/\/felicjanki.edu.pl\/wp-content\/uploads\/2022\/10\/Zdje\u0328cie-od-Marzen-1-1024x576.jpg 1024w, https:\/\/felicjanki.edu.pl\/wp-content\/uploads\/2022\/10\/Zdje\u0328cie-od-Marzen-1-300x169.jpg 300w, https:\/\/felicjanki.edu.pl\/wp-content\/uploads\/2022\/10\/Zdje\u0328cie-od-Marzen-1-768x432.jpg 768w, https:\/\/felicjanki.edu.pl\/wp-content\/uploads\/2022\/10\/Zdje\u0328cie-od-Marzen-1-1536x864.jpg 1536w, https:\/\/felicjanki.edu.pl\/wp-content\/uploads\/2022\/10\/Zdje\u0328cie-od-Marzen-1-800x450.jpg 800w, https:\/\/felicjanki.edu.pl\/wp-content\/uploads\/2022\/10\/Zdje\u0328cie-od-Marzen-1.jpg 2048w\" sizes=\"auto, (max-width: 1024px) 100vw, 1024px\" \/><\/figure><\/li><li class=\"blocks-gallery-item\"><figure><img loading=\"lazy\" decoding=\"async\" width=\"1024\" height=\"768\" src=\"https:\/\/felicjanki.edu.pl\/wp-content\/uploads\/2022\/10\/Zdje\u0328cie-od-Marzen-1024x768.jpg\" alt=\"\" data-id=\"664\" data-full-url=\"https:\/\/felicjanki.edu.pl\/wp-content\/uploads\/2022\/10\/Zdje\u0328cie-od-Marzen.jpg\" data-link=\"https:\/\/felicjanki.edu.pl\/?attachment_id=664\" class=\"wp-image-664\" srcset=\"https:\/\/felicjanki.edu.pl\/wp-content\/uploads\/2022\/10\/Zdje\u0328cie-od-Marzen-1024x768.jpg 1024w, https:\/\/felicjanki.edu.pl\/wp-content\/uploads\/2022\/10\/Zdje\u0328cie-od-Marzen-300x225.jpg 300w, https:\/\/felicjanki.edu.pl\/wp-content\/uploads\/2022\/10\/Zdje\u0328cie-od-Marzen-768x576.jpg 768w, https:\/\/felicjanki.edu.pl\/wp-content\/uploads\/2022\/10\/Zdje\u0328cie-od-Marzen-1536x1152.jpg 1536w, https:\/\/felicjanki.edu.pl\/wp-content\/uploads\/2022\/10\/Zdje\u0328cie-od-Marzen.jpg 1600w\" sizes=\"auto, (max-width: 1024px) 100vw, 1024px\" \/><\/figure><\/li><\/ul><\/figure>\n","protected":false},"excerpt":{"rendered":"<p>Biblioteka szkolna jest otwarta dla uczni\u00f3w od poniedzia\u0142ku do pi\u0105tku w godz. 8:30 &#8211; 15:50. W pi\u0105tki zwracamy Wasz\u0105 uwag\u0119 na przerw\u0119 w godz. 14:30-15:00. Zapraszamy do zapoznania si\u0119 z nowo\u015bciami czytelniczymi \ud83d\ude42<\/p>\n","protected":false},"author":1,"featured_media":0,"parent":0,"menu_order":0,"comment_status":"closed","ping_status":"closed","template":"","meta":{"footnotes":""},"class_list":["post-610","page","type-page","status-publish","hentry","entry"],"_links":{"self":[{"href":"https:\/\/felicjanki.edu.pl\/index.php?rest_route=\/wp\/v2\/pages\/610","targetHints":{"allow":["GET"]}}],"collection":[{"href":"https:\/\/felicjanki.edu.pl\/index.php?rest_route=\/wp\/v2\/pages"}],"about":[{"href":"https:\/\/felicjanki.edu.pl\/index.php?rest_route=\/wp\/v2\/types\/page"}],"author":[{"embeddable":true,"href":"https:\/\/felicjanki.edu.pl\/index.php?rest_route=\/wp\/v2\/users\/1"}],"replies":[{"embeddable":true,"href":"https:\/\/felicjanki.edu.pl\/index.php?rest_route=%2Fwp%2Fv2%2Fcomments&post=610"}],"version-history":[{"count":6,"href":"https:\/\/felicjanki.edu.pl\/index.php?rest_route=\/wp\/v2\/pages\/610\/revisions"}],"predecessor-version":[{"id":1009,"href":"https:\/\/felicjanki.edu.pl\/index.php?rest_route=\/wp\/v2\/pages\/610\/revisions\/1009"}],"wp:attachment":[{"href":"https:\/\/felicjanki.edu.pl\/index.php?rest_route=%2Fwp%2Fv2%2Fmedia&parent=610"}],"curies":[{"name":"wp","href":"https:\/\/api.w.org\/{rel}","templated":true}]}}