{"id":55,"date":"2021-11-02T16:13:19","date_gmt":"2021-11-02T14:13:19","guid":{"rendered":"http:\/\/46.171.56.51\/?page_id=55"},"modified":"2024-01-19T14:27:42","modified_gmt":"2024-01-19T12:27:42","slug":"kontakt","status":"publish","type":"page","link":"https:\/\/felicjanki.edu.pl\/?page_id=55","title":{"rendered":"Kontakt"},"content":{"rendered":"<style>\/*! elementor - v3.18.0 - 20-12-2023 *\/\n.elementor-widget-google_maps .elementor-widget-container{overflow:hidden}.elementor-widget-google_maps .elementor-custom-embed{line-height:0}.elementor-widget-google_maps iframe{height:300px}<\/style>\n<p>\t\t\t<iframe loading=\"lazy\"\n\t\t\t\t\tsrc=\"https:\/\/maps.google.com\/maps?q=Warszawa%2C%20Azaliowa%2010&#038;t=m&#038;z=13&#038;output=embed&#038;iwloc=near\"\n\t\t\t\t\ttitle=\"Warszawa, Azaliowa 10\"\n\t\t\t\t\taria-label=\"Warszawa, Azaliowa 10\"\n\t\t\t><\/iframe>\n\t\t\t<link rel=\"stylesheet\" href=\"https:\/\/felicjanki.edu.pl\/wp-content\/plugins\/elementor\/assets\/css\/widget-icon-box.min.css\">\n<h3>\n\t\t\t\t\t\tAdres<br \/>\n\t\t\t\t<\/h3>\n<p>\n\t\t\t\t\t\tSzko\u0142a Podstawowa Si\u00f3str Felicjanek nr 28 im.b\u0142.M. Angeli Truszkowskiej<br \/>\nul.Azaliowa 10<br \/>\n04-539 Warszawa\t\t\t\t\t<\/p>\n<h3>\n\t\t\t\t\t\tTelefon<br \/>\n\t\t\t\t<\/h3>\n<p>\n\t\t\t\t\t\t+48 22 815 20 53\t\t\t\t\t<\/p>\n<h3>\n\t\t\t\t\t\tSEKRETARIAT<br \/>\n\t\t\t\t<\/h3>\n<p>\n\t\t\t\t\t\tPon 8:00 &#8211; 16:00<br \/>Wt-Pt 8:00 &#8211; 15:00\t\t\t\t\t<\/p>\n<p>\t\t\t\t<a href=\"#\" tabindex=\"-1\"><br \/>\n\t\t\t\t\t\t\t\t<\/a><\/p>\n<h3>\n\t\t\t\t\t<a href=\"#\" ><br \/>\n\t\t\t\t\t\tEmail\t\t\t\t\t<\/a><br \/>\n\t\t\t\t<\/h3>\n<p>\n\t\t\t\t\t\tsekretariat@felicjanki.edu.pl\t\t\t\t\t<\/p>\n<style>\/*! elementor - v3.18.0 - 20-12-2023 *\/\n.elementor-heading-title{padding:0;margin:0;line-height:1}.elementor-widget-heading .elementor-heading-title[class*=elementor-size-]>a{color:inherit;font-size:inherit;line-height:inherit}.elementor-widget-heading .elementor-heading-title.elementor-size-small{font-size:15px}.elementor-widget-heading .elementor-heading-title.elementor-size-medium{font-size:19px}.elementor-widget-heading .elementor-heading-title.elementor-size-large{font-size:29px}.elementor-widget-heading .elementor-heading-title.elementor-size-xl{font-size:39px}.elementor-widget-heading .elementor-heading-title.elementor-size-xxl{font-size:59px}<\/style>\n<h1>KONTO BANKOWE:<br \/>\n28 1500 1878 1218 7004 7154 0000<\/h1>\n","protected":false},"excerpt":{"rendered":"<p>Adres Szko\u0142a Podstawowa Si\u00f3str Felicjanek nr 28 im.b\u0142.M. Angeli Truszkowskiej ul.Azaliowa 10 04-539 Warszawa Telefon +48 22 815 20 53 SEKRETARIAT Pon 8:00 &#8211; 16:00Wt-Pt 8:00 &#8211; 15:00 Email sekretariat@felicjanki.edu.pl KONTO BANKOWE: 28 1500 1878 1218 7004 7154 0000<\/p>\n","protected":false},"author":1,"featured_media":0,"parent":44,"menu_order":0,"comment_status":"closed","ping_status":"closed","template":"elementor_header_footer","meta":{"footnotes":""},"class_list":["post-55","page","type-page","status-publish","hentry","entry"],"_links":{"self":[{"href":"https:\/\/felicjanki.edu.pl\/index.php?rest_route=\/wp\/v2\/pages\/55","targetHints":{"allow":["GET"]}}],"collection":[{"href":"https:\/\/felicjanki.edu.pl\/index.php?rest_route=\/wp\/v2\/pages"}],"about":[{"href":"https:\/\/felicjanki.edu.pl\/index.php?rest_route=\/wp\/v2\/types\/page"}],"author":[{"embeddable":true,"href":"https:\/\/felicjanki.edu.pl\/index.php?rest_route=\/wp\/v2\/users\/1"}],"replies":[{"embeddable":true,"href":"https:\/\/felicjanki.edu.pl\/index.php?rest_route=%2Fwp%2Fv2%2Fcomments&post=55"}],"version-history":[{"count":53,"href":"https:\/\/felicjanki.edu.pl\/index.php?rest_route=\/wp\/v2\/pages\/55\/revisions"}],"predecessor-version":[{"id":1433,"href":"https:\/\/felicjanki.edu.pl\/index.php?rest_route=\/wp\/v2\/pages\/55\/revisions\/1433"}],"up":[{"embeddable":true,"href":"https:\/\/felicjanki.edu.pl\/index.php?rest_route=\/wp\/v2\/pages\/44"}],"wp:attachment":[{"href":"https:\/\/felicjanki.edu.pl\/index.php?rest_route=%2Fwp%2Fv2%2Fmedia&parent=55"}],"curies":[{"name":"wp","href":"https:\/\/api.w.org\/{rel}","templated":true}]}}