{"id":53,"date":"2021-11-02T16:12:48","date_gmt":"2021-11-02T14:12:48","guid":{"rendered":"http:\/\/46.171.56.51\/?page_id=53"},"modified":"2023-05-29T08:54:29","modified_gmt":"2023-05-29T06:54:29","slug":"strefa-rodzica","status":"publish","type":"page","link":"https:\/\/felicjanki.edu.pl\/?page_id=53","title":{"rendered":"Projekty MEiN"},"content":{"rendered":"<div class=\"wp-block-image\">\n<figure class=\"alignleft size-full is-resized\"><img loading=\"lazy\" decoding=\"async\" src=\"https:\/\/felicjanki.edu.pl\/wp-content\/uploads\/2023\/01\/Godla-3.png\" alt=\"\" class=\"wp-image-953\" width=\"336\" height=\"189\" srcset=\"https:\/\/felicjanki.edu.pl\/wp-content\/uploads\/2023\/01\/Godla-3.png 946w, https:\/\/felicjanki.edu.pl\/wp-content\/uploads\/2023\/01\/Godla-3-300x169.png 300w, https:\/\/felicjanki.edu.pl\/wp-content\/uploads\/2023\/01\/Godla-3-768x432.png 768w, https:\/\/felicjanki.edu.pl\/wp-content\/uploads\/2023\/01\/Godla-3-800x450.png 800w\" sizes=\"auto, (max-width: 336px) 100vw, 336px\" \/><\/figure><\/div>\n\n\n<figure class=\"wp-block-image size-full is-resized\"><img loading=\"lazy\" decoding=\"async\" src=\"https:\/\/felicjanki.edu.pl\/wp-content\/uploads\/2023\/01\/log-MEiN-3.png\" alt=\"\" class=\"wp-image-954\" width=\"344\" height=\"139\" srcset=\"https:\/\/felicjanki.edu.pl\/wp-content\/uploads\/2023\/01\/log-MEiN-3.png 557w, https:\/\/felicjanki.edu.pl\/wp-content\/uploads\/2023\/01\/log-MEiN-3-300x121.png 300w\" sizes=\"auto, (max-width: 344px) 100vw, 344px\" \/><\/figure>\n\n\n\n<p><\/p>\n\n\n\n<p><\/p>\n\n\n\n<p><\/p>\n\n\n\n<p class=\"has-normal-font-size\">W naszej Szkole realizowane s\u0105 obecnie trzy projekty dotowane przez Ministerstwo Nauki i Edukacji. S\u0105 to:<\/p>\n\n\n\n<ul class=\"has-normal-font-size wp-block-list\">\n<li><strong>\u201eLaboratoria Przysz\u0142o\u015bci\u201c<\/strong> \u2013 inicjatywa, kt\u00f3rej celem jest wsparcie szk\u00f3\u0142 podstawowych w budowaniu w\u015br\u00f3d uczni\u00f3w kompetencji przysz\u0142o\u015bci z tzw. kierunk\u00f3w STEAM (nauka, technologia, in\u017cynieria, sztuka oraz matematyka).<\/li>\n<\/ul>\n\n\n\n<ul class=\"has-normal-font-size wp-block-list\">\n<li>&#8222;<strong>Inwestycje w o\u015bwiacie\u201d<\/strong> \u2013 dotacja celowa na remont schod\u00f3w, g\u0142\u00f3wnej klatki schodowej szko\u0142y oraz przylegaj\u0105cych do niej korytarzy i sal dydaktycznych znajduj\u0105cych si\u0119 we wschodnim skrzydle budynku. Wysoko\u015b\u0107 dotacji: 1&nbsp;300&nbsp;000 z\u0142, warto\u015b\u0107 ca\u0142kowita zadania: 1&nbsp;453&nbsp;114, 50 z\u0142.<\/li>\n<\/ul>\n\n\n\n<ul class=\"has-normal-font-size wp-block-list\">\n<li><strong>\u201ePodr\u00f3\u017c po drogach polskiego romantyzmu \u2013 w dwusetn\u0105 rocznic\u0119 narodzin epoki\u201d<\/strong> &#8211; projekt zosta\u0142 dofinansowany z bud\u017cetu pa\u0144stwa poprzez dotacj\u0119 celow\u0105 przyznan\u0105 z Programu \u201eWSPARCIE EDUKACJI\u201d. <\/li>\n<\/ul>\n\n\n\n<p class=\"has-normal-font-size\">Zapraszamy do zapoznania si\u0119 ze szczeg\u00f3\u0142ami  ich realizacji w poszczeg\u00f3lnych zak\u0142adkach.<\/p>\n\n\n\n<p><\/p>\n\n\n\n<p><\/p>\n\n\n\n<p><\/p>\n\n\n\n<p><\/p>\n\n\n<h1>&nbsp;<\/h1>\n<p>Prosz\u0119 wybra\u0107 odpowiedni dzia\u0142 z menu<\/p>","protected":false},"excerpt":{"rendered":"<p>W naszej Szkole realizowane s\u0105 obecnie trzy projekty dotowane przez Ministerstwo Nauki i Edukacji. S\u0105 to: Zapraszamy do zapoznania si\u0119 ze szczeg\u00f3\u0142ami ich realizacji w poszczeg\u00f3lnych zak\u0142adkach. &nbsp; Prosz\u0119 wybra\u0107 odpowiedni dzia\u0142 z menu<\/p>\n","protected":false},"author":1,"featured_media":0,"parent":0,"menu_order":0,"comment_status":"closed","ping_status":"closed","template":"","meta":{"footnotes":""},"class_list":["post-53","page","type-page","status-publish","hentry","entry"],"_links":{"self":[{"href":"https:\/\/felicjanki.edu.pl\/index.php?rest_route=\/wp\/v2\/pages\/53","targetHints":{"allow":["GET"]}}],"collection":[{"href":"https:\/\/felicjanki.edu.pl\/index.php?rest_route=\/wp\/v2\/pages"}],"about":[{"href":"https:\/\/felicjanki.edu.pl\/index.php?rest_route=\/wp\/v2\/types\/page"}],"author":[{"embeddable":true,"href":"https:\/\/felicjanki.edu.pl\/index.php?rest_route=\/wp\/v2\/users\/1"}],"replies":[{"embeddable":true,"href":"https:\/\/felicjanki.edu.pl\/index.php?rest_route=%2Fwp%2Fv2%2Fcomments&post=53"}],"version-history":[{"count":19,"href":"https:\/\/felicjanki.edu.pl\/index.php?rest_route=\/wp\/v2\/pages\/53\/revisions"}],"predecessor-version":[{"id":1262,"href":"https:\/\/felicjanki.edu.pl\/index.php?rest_route=\/wp\/v2\/pages\/53\/revisions\/1262"}],"wp:attachment":[{"href":"https:\/\/felicjanki.edu.pl\/index.php?rest_route=%2Fwp%2Fv2%2Fmedia&parent=53"}],"curies":[{"name":"wp","href":"https:\/\/api.w.org\/{rel}","templated":true}]}}