{"id":44,"date":"2021-11-02T15:51:37","date_gmt":"2021-11-02T13:51:37","guid":{"rendered":"http:\/\/46.171.56.51\/?page_id=44"},"modified":"2026-03-02T12:49:33","modified_gmt":"2026-03-02T10:49:33","slug":"glowna","status":"publish","type":"page","link":"https:\/\/felicjanki.edu.pl\/","title":{"rendered":"Szko\u0142a Podstawowa Si\u00f3str Felicjanek"},"content":{"rendered":"<p><!-- GOD\u0141O + CELE --><\/p>\n<div style=\"text-align:center; margin-bottom:40px;\">\n    <img decoding=\"async\" src=\"https:\/\/felicjanki.edu.pl\/wp-content\/uploads\/elementor\/thumbs\/godlo-1-pitrf3njp2yvdt9zsy68ea1wdurkh4og1vhzg3tvmo.png\" alt=\"godlo\" style=\"max-width:200px;height:auto;\">\n<\/div>\n<div style=\"text-align:center; margin-bottom:20px;\">\n<h3>Nasze cele to<\/h3>\n<h1 style=\"margin:0;\">Prawda &#8211; Wiara &#8211; Braterstwo<\/h1>\n<p style=\"max-width:700px; margin:10px auto;\">\n        Strze\u017cemy rzetelnego d\u0105\u017cenia do prawdy i w duchu ewangelicznego braterstwa zmierzamy do g\u0142\u0119bokiego prze\u017cywania chrze\u015bcija\u0144stwa oraz rozwoju ludzkiej osoby\n    <\/p>\n<p><a href=\"https:\/\/felicjanki.edu.pl\/?page_id=183\">Dowiedz si\u0119 wi\u0119cej<\/a><\/p>\n<\/div>\n<p><!-- 3 IKONY (REKRUTACJA \/ STREFA RODZICA \/ STREFA UCZNIA) --><\/p>\n<div style=\"display:flex; flex-wrap:wrap; justify-content:center; gap:40px; margin:50px 0;\">\n<p>    <!-- Rekrutacja --><\/p>\n<div style=\"flex:1 1 250px; text-align:center; max-width:300px;\">\n        <a href=\"https:\/\/felicjanki.edu.pl\/?page_id=148\"><br \/>\n            <img decoding=\"async\" src=\"https:\/\/felicjanki.edu.pl\/wp-content\/uploads\/2021\/11\/news.png\" alt=\"\" style=\"max-width:166px;height:auto;\"><br \/>\n        <\/a><\/p>\n<h3><a href=\"https:\/\/felicjanki.edu.pl\/?page_id=148\">REKRUTACJA<\/a><\/h3>\n<p>Informacje dotycz\u0105ce rekrutacji na rok 2025\/26<\/p>\n<\/p><\/div>\n<p>    <!-- Strefa Rodzica --><\/p>\n<div style=\"flex:1 1 250px; text-align:center; max-width:300px;\">\n        <a href=\"https:\/\/felicjanki.edu.pl\/?page_id=53\"><br \/>\n            <img decoding=\"async\" src=\"https:\/\/felicjanki.edu.pl\/wp-content\/uploads\/2021\/11\/rekrutacja.jpg\" alt=\"\" style=\"max-width:166px;height:auto;\"><br \/>\n        <\/a><\/p>\n<h3><a href=\"https:\/\/felicjanki.edu.pl\/?page_id=53\">STREFA RODZICA<\/a><\/h3>\n<p>Wa\u017cne informacje dla Rodzic\u00f3w.<br \/>Egzaminy, rekrutacje, wa\u017cne terminy, itp.<\/p>\n<\/p><\/div>\n<p>    <!-- Strefa Ucznia --><\/p>\n<div style=\"flex:1 1 250px; text-align:center; max-width:300px;\">\n        <a href=\"https:\/\/felicjanki.edu.pl\/?page_id=51\"><br \/>\n            <img decoding=\"async\" src=\"https:\/\/felicjanki.edu.pl\/wp-content\/uploads\/2021\/11\/icon1.jpg\" alt=\"\" style=\"max-width:200px;height:auto;\"><br \/>\n        <\/a><\/p>\n<h3><a href=\"https:\/\/felicjanki.edu.pl\/?page_id=51\">STREFA UCZNIA<\/a><\/h3>\n<p>Co ka\u017cdy ucze\u0144 powinien wiedzie\u0107?<br \/>Informacje o kontach, bibliotece, itp.<\/p>\n<\/p><\/div>\n<\/div>\n<p><!-- CYTAT --><\/p>\n<div style=\"text-align:center; max-width:800px; margin:40px auto; font-style:italic;\">\n<h4>\n        Nie liczy si\u0119 wcale wspania\u0142o\u015b\u0107 twego dzia\u0142ania, ale mi\u0142o\u015b\u0107, jak\u0105 w nie w\u0142o\u017cy\u0142e\u015b;<br \/>\n        nie to, jak wiele uczynili\u015bmy, ale przede wszystkim to, jak wiele mi\u0142o\u015bci<br \/>\n        w\u0142o\u017cyli\u015bmy w swe czyny.<br \/>\n    <\/h4>\n<\/div>\n<p><!-- DANE SZKO\u0141Y --><\/p>\n<div style=\"text-align:center; margin:50px auto;\">\n<h3>ADRES<\/h3>\n<p>    Szko\u0142a Podstawowa Si\u00f3str Felicjanek nr 28 im. M.A. Truszkowskiej<br \/>\n    Azaliowa 10, 04-539 Warszawa<\/p>\n<h3 style=\"margin-top:30px;\">TELEFON<\/h3>\n<p>    22 815 20 53<\/p>\n<h3 style=\"margin-top:30px;\">Email<\/h3>\n<p>    sekretariat@felicjanki.edu.pl\n<\/p><\/div>\n","protected":false},"excerpt":{"rendered":"<p>Nasze cele to Prawda &#8211; Wiara &#8211; Braterstwo Strze\u017cemy rzetelnego d\u0105\u017cenia do prawdy i w duchu ewangelicznego braterstwa zmierzamy do g\u0142\u0119bokiego prze\u017cywania chrze\u015bcija\u0144stwa oraz rozwoju ludzkiej osoby Dowiedz si\u0119 wi\u0119cej REKRUTACJA Informacje dotycz\u0105ce rekrutacji na rok 2025\/26 STREFA RODZICA Wa\u017cne informacje dla Rodzic\u00f3w.Egzaminy, rekrutacje, wa\u017cne terminy, itp. STREFA UCZNIA Co ka\u017cdy ucze\u0144 powinien wiedzie\u0107?Informacje o [&hellip;]<\/p>\n","protected":false},"author":1,"featured_media":103,"parent":0,"menu_order":0,"comment_status":"closed","ping_status":"closed","template":"","meta":{"footnotes":""},"class_list":["post-44","page","type-page","status-publish","has-post-thumbnail","hentry","entry","has-media"],"_links":{"self":[{"href":"https:\/\/felicjanki.edu.pl\/index.php?rest_route=\/wp\/v2\/pages\/44","targetHints":{"allow":["GET"]}}],"collection":[{"href":"https:\/\/felicjanki.edu.pl\/index.php?rest_route=\/wp\/v2\/pages"}],"about":[{"href":"https:\/\/felicjanki.edu.pl\/index.php?rest_route=\/wp\/v2\/types\/page"}],"author":[{"embeddable":true,"href":"https:\/\/felicjanki.edu.pl\/index.php?rest_route=\/wp\/v2\/users\/1"}],"replies":[{"embeddable":true,"href":"https:\/\/felicjanki.edu.pl\/index.php?rest_route=%2Fwp%2Fv2%2Fcomments&post=44"}],"version-history":[{"count":157,"href":"https:\/\/felicjanki.edu.pl\/index.php?rest_route=\/wp\/v2\/pages\/44\/revisions"}],"predecessor-version":[{"id":1915,"href":"https:\/\/felicjanki.edu.pl\/index.php?rest_route=\/wp\/v2\/pages\/44\/revisions\/1915"}],"wp:featuredmedia":[{"embeddable":true,"href":"https:\/\/felicjanki.edu.pl\/index.php?rest_route=\/wp\/v2\/media\/103"}],"wp:attachment":[{"href":"https:\/\/felicjanki.edu.pl\/index.php?rest_route=%2Fwp%2Fv2%2Fmedia&parent=44"}],"curies":[{"name":"wp","href":"https:\/\/api.w.org\/{rel}","templated":true}]}}