{"id":3,"date":"2021-02-22T00:56:48","date_gmt":"2021-02-22T00:56:48","guid":{"rendered":"http:\/?page_id=3"},"modified":"2024-01-19T10:27:55","modified_gmt":"2024-01-19T08:27:55","slug":"privacy-policy","status":"publish","type":"page","link":"https:\/\/felicjanki.edu.pl\/?page_id=3","title":{"rendered":"Polityka Prywatno\u015bci"},"content":{"rendered":"<h1><strong>Skr\u00f3cona klauzula informacyjna<\/strong><\/h1>\n<p>Informuje si\u0119, i\u017c:<\/p>\n<p>1) Administratorem Pani\/Pana danych osobowych jest Szko\u0142a Podstawowa Si\u00f3str Felicjanek Nr 28, im. b\u0142. Marii Angeli Truszkowskiej, ul. Azaliowa 10, 04\u2013539 Warszawa.<\/p>\n<p>2) Z Inspektorem ochrony danych mo\u017cna si\u0119 skontaktowa\u0107 pod adresem e-mail inspektorodo.felicjanki@wp.pl<\/p>\n<p>3) Osobie, kt\u00f3rej dane dotycz\u0105 przys\u0142uguje prawo dost\u0119pu do tre\u015bci swoich danych, do ich sprostowania, usuni\u0119cia, ograniczenia ich przetwarzanie, a tak\u017ce prawo do wniesienia sprzeciwu oraz prawo wniesienia skargi do organu nadzorczego w\u0142a\u015bciwego w sprawach ochrony danych osobowych, czyli Ko\u015bcielnego Inspektora Ochrony Danych lub Prezesa Urz\u0119du Ochrony Danych Osobowych, a tak\u017ce inne uprawnienia w tym zakresie wynikaj\u0105ce z obowi\u0105zuj\u0105cych przepis\u00f3w prawa powszechnie obowi\u0105zuj\u0105cego lub prawa kanonicznego<\/p>\n<p>4) Wi\u0119cej informacji u Administratora.<\/p>\n","protected":false},"excerpt":{"rendered":"<p>Skr\u00f3cona klauzula informacyjna Informuje si\u0119, i\u017c: 1) Administratorem Pani\/Pana danych osobowych jest Szko\u0142a Podstawowa Si\u00f3str Felicjanek Nr 28, im. b\u0142. Marii Angeli Truszkowskiej, ul. Azaliowa 10, 04\u2013539 Warszawa. 2) Z Inspektorem ochrony danych mo\u017cna si\u0119 skontaktowa\u0107 pod adresem e-mail inspektorodo.felicjanki@wp.pl 3) Osobie, kt\u00f3rej dane dotycz\u0105 przys\u0142uguje prawo dost\u0119pu do tre\u015bci swoich danych, do ich sprostowania, [&hellip;]<\/p>\n","protected":false},"author":1,"featured_media":0,"parent":0,"menu_order":0,"comment_status":"closed","ping_status":"open","template":"","meta":{"footnotes":""},"class_list":["post-3","page","type-page","status-publish","hentry","entry"],"_links":{"self":[{"href":"https:\/\/felicjanki.edu.pl\/index.php?rest_route=\/wp\/v2\/pages\/3","targetHints":{"allow":["GET"]}}],"collection":[{"href":"https:\/\/felicjanki.edu.pl\/index.php?rest_route=\/wp\/v2\/pages"}],"about":[{"href":"https:\/\/felicjanki.edu.pl\/index.php?rest_route=\/wp\/v2\/types\/page"}],"author":[{"embeddable":true,"href":"https:\/\/felicjanki.edu.pl\/index.php?rest_route=\/wp\/v2\/users\/1"}],"replies":[{"embeddable":true,"href":"https:\/\/felicjanki.edu.pl\/index.php?rest_route=%2Fwp%2Fv2%2Fcomments&post=3"}],"version-history":[{"count":5,"href":"https:\/\/felicjanki.edu.pl\/index.php?rest_route=\/wp\/v2\/pages\/3\/revisions"}],"predecessor-version":[{"id":1405,"href":"https:\/\/felicjanki.edu.pl\/index.php?rest_route=\/wp\/v2\/pages\/3\/revisions\/1405"}],"wp:attachment":[{"href":"https:\/\/felicjanki.edu.pl\/index.php?rest_route=%2Fwp%2Fv2%2Fmedia&parent=3"}],"curies":[{"name":"wp","href":"https:\/\/api.w.org\/{rel}","templated":true}]}}