{"id":229,"date":"2022-01-03T14:42:12","date_gmt":"2022-01-03T12:42:12","guid":{"rendered":"http:\/\/46.171.56.51\/?page_id=229"},"modified":"2024-05-20T10:05:36","modified_gmt":"2024-05-20T08:05:36","slug":"sukcesy","status":"publish","type":"page","link":"https:\/\/felicjanki.edu.pl\/?page_id=229","title":{"rendered":"Sukcesy"},"content":{"rendered":"<style>\/*! elementor - v3.18.0 - 20-12-2023 *\/\n.elementor-heading-title{padding:0;margin:0;line-height:1}.elementor-widget-heading .elementor-heading-title[class*=elementor-size-]>a{color:inherit;font-size:inherit;line-height:inherit}.elementor-widget-heading .elementor-heading-title.elementor-size-small{font-size:15px}.elementor-widget-heading .elementor-heading-title.elementor-size-medium{font-size:19px}.elementor-widget-heading .elementor-heading-title.elementor-size-large{font-size:29px}.elementor-widget-heading .elementor-heading-title.elementor-size-xl{font-size:39px}.elementor-widget-heading .elementor-heading-title.elementor-size-xxl{font-size:59px}<\/style>\n<h1>Nasze Sukcesy<\/h1>\n<h2>Konkurs Historyczny Niez\u0142omni z Auschwitz &#8211; Stanis\u0142awa Leszczy\u0144ska 2023\/2024<br \/>\n<\/h2>\n<p style=\"text-align: center;\"><strong>Finali\u015bci<\/strong><\/p>\n<p style=\"text-align: center;\"><strong>I miejsce<\/strong><\/p>\n<p style=\"text-align: center;\">Maria Grochowiecka\u00a0<\/p>\n<p style=\"text-align: center;\">Sara Olszewska kl.6a\u00a0\u00a0<\/p>\n<p style=\"text-align: center;\">Oliwier Che\u0142chowski\u00a0\u00a0<\/p>\n<p style=\"text-align: center;\"><strong>II miejsce<\/strong><\/p>\n<p style=\"text-align: center;\">Katarzyna Targielska\u00a0\u00a0<br \/>Weronika Faszczewska\u00a0\u00a0<br \/>Ma\u0142gorzata Szczudrawa\u00a0<\/p>\n<p style=\"text-align: center;\"><strong>III miejsce<\/strong><\/p>\n<p style=\"text-align: center;\">Filip Sikorski\u00a0<br \/>Lena Matowska\u00a0<\/p>\n<p>\u00a0<\/p>\n<h2>Zwyci\u0119zcy konkurs\u00f3w przedmiotowych w roku szkolnym 2023\/2024:<br \/>\n<\/h2>\n<h5 style=\"text-align: center;\">Olimpiada Literatury i J\u0119zyka Polskiego<\/h5>\n<p style=\"text-align: center;\">Finalistki:<\/p>\n<p style=\"text-align: center;\">\u00b7 Helena Radzikowska<\/p>\n<p style=\"text-align: center;\">\u00b7 Maria Nizio\u0142ek<\/p>\n<p style=\"text-align: center;\"><strong>Konkurs Polonistyczny<\/strong><\/p>\n<p style=\"text-align: center;\">\u00b7 Aleksandra Gajewska \u2013 laureatka<\/p>\n<p style=\"text-align: center;\"><strong>Konkurs Matematyczny<\/strong><\/p>\n<p style=\"text-align: center;\">\u00b7 Adam Mieszkowski \u2013 finalista<\/p>\n<p style=\"text-align: center;\"><strong>Konkurs Chemiczny<\/strong><\/p>\n<p style=\"text-align: center;\">\u00b7 Jakub Molenda &#8211; finalista<\/p>\n<p style=\"text-align: center;\"><strong>Konkurs J\u0119zyka Angielskiego<\/strong><\/p>\n<p style=\"text-align: center;\">\u00b7 Filip Sikorski \u2013 finalista<\/p>\n<p style=\"text-align: center;\">\u00b7 Micha\u0142 Brzozowski \u2013 finalista<\/p>\n<p style=\"text-align: center;\"><strong>Konkurs J\u0119zyka Francuskiego<\/strong><\/p>\n<p style=\"text-align: center;\">\u00b7 Paulina Pielaszek \u2013 finalistka<\/p>\n<h3>Zwyci\u0119zcy konkurs\u00f3w przedmiotowych w roku szkolnym 2022\/2023:<\/h3>\n<p><strong>Geografia<\/strong><\/p>\n<p>Wojciech Kozd\u00f3j &#8211; laureat<\/p>\n<p>Joanna \u015awiercz &#8211; laureatka<\/p>\n<p>Emilia Piotrowska &#8211; finalistka<\/p>\n<p><strong>Olimpiada Literatury i J\u0119zyka Polskiego dla Szk\u00f3\u0142 Podstawowych<\/strong><\/p>\n<p>Zofia Jochemczyk &#8211; finalistka<\/p>\n<p><strong>Finali\u015bci wojew\u00f3dzkiego konkursu fotograficznego &#8222;Ciekawa fizyka czyli zjawiska fizyczne w fotografii&#8221;<\/strong><\/p>\n<p>Jakub Molenda 7a<\/p>\n<p>Kajetan Kukowski 7a<\/p>\n<p>Antonina Jurkowska 7c<\/p>\n<p>Anna Kuczy\u0144ska 7c<\/p>\n<p><strong>Konkurs Polonistyczny<\/strong><\/p>\n<p>Laureatki:<\/p>\n<p>\u00b7 Joanna \u015awiercz<\/p>\n<p>\u00b7 Karolina Gajewska<\/p>\n<h1>Uczniowie zakwalifikowani do II etapu konkurs\u00f3w przedmiotowych:<\/h1>\n<h2><strong style=\"font-size: 14px; color: rgb(74, 74, 74);\">J\u0119zyk angielski:<\/strong><br \/><\/h2>\n<p>J. \u0141abenda VIIIb,<\/p>\n<p>F. Sikorski VIIa,<\/p>\n<p>L. Zagata VIIIb<\/p>\n<p><strong>Geografia:<\/strong><\/p>\n<p>I. Gawrysiak VIIb<\/p>\n<p>L. Iwanowska VIIIb<\/p>\n<p>F. Janota VIIIa<\/p>\n<p>W. Kozd\u00f3j VIIb<\/p>\n<p>E. Piotrowska VIIIb<\/p>\n<p>J. \u015awiercz VIIIa<\/p>\n<p>A. Zwolenik VIIIa<\/p>\n<p><strong>Matematyka:<\/strong><\/p>\n<p>K. Gajewska VIIIa<\/p>\n<p>F. Janota VIIIa<\/p>\n<p><strong>Chemia<\/strong><\/p>\n<p>W. Borucka VIIIb<\/p>\n<p><strong>J\u0119zyk polski:<\/strong><\/p>\n<p>J. Albi\u0144ski VIIIa<\/p>\n<p>K. Gajewska VIIIa<\/p>\n<p>E. Piotrowska VIIIb<\/p>\n<p>J. \u015awiercz VIIIa<\/p>\n<h1>Osi\u0105gni\u0119cia uczni\u00f3w w roku szkolnym 2021\/2022:<\/h1>\n<h2>Konkursy przedmiotowe organizowane przez\u00a0Mazowieckiego Kuratora O\u015bwiaty<\/h2>\n<p>\u00a0<\/p>\n<p><strong>1. Konkurs Polonistyczny<\/strong><\/p>\n<p>Laureatki:<\/p>\n<p>\u00b7 Amelia G\u0142owacka, kl. VIII b1<\/p>\n<p>\u00b7 Maja Podle\u015bna, kl. VIII b1<\/p>\n<p>Finalistka:<\/p>\n<p>\u00b7 Karolina Gajewska, kl. VII a<\/p>\n<p><strong>2. Konkursy Matematyczne<\/strong><\/p>\n<p>Laureat:<\/p>\n<p>\u00b7 Amelia G\u0142owacka, kl. VIII b1<\/p>\n<p>\u00b7 Bolko Wieleba, kl. VIII c<\/p>\n<p>Finalista:<\/p>\n<p>\u00b7 Jerzy Mendelka, kl. VIII a<\/p>\n<p><strong>3. Konkurs Chemiczny<\/strong><\/p>\n<p>Laureat:<\/p>\n<p>\u00b7 Maria Kreczma\u0144ska, kl. VIII c<\/p>\n<p>Finali\u015bci:<\/p>\n<p>\u00b7 Jakub Bala, kl. VIII a<\/p>\n<p>\u00b7 Laura Zdunek, kl. VIII a<\/p>\n<p>\u00b7 Bolko Wieleba, kl. VIII c<\/p>\n<p><strong>4. Konkurs Fizyczny<\/strong><\/p>\n<p>Laureaci:<\/p>\n<p>\u00b7 Jerzy Mendelka, kl. VIII a<\/p>\n<p>\u00b7 Bolko Wieleba, kl. VIII c<\/p>\n<p><strong>\u00a0<\/strong><\/p>\n<p><strong>5. Konkurs Geograficzny<\/strong><\/p>\n<p>Laureaci:<\/p>\n<p>\u00b7 Maja Podle\u015bna, kl. VIII b1,<\/p>\n<p>\u00b7 Jerzy Mendelka, kl. VIII a<\/p>\n<p>Finalista:<\/p>\n<p>\u00b7 Jerzy D\u0119dek, kl. VIII a<\/p>\n<p><strong>6. Konkurs Wiedzy o Spo\u0142ecze\u0144stwie<\/strong><\/p>\n<p>Laureaci:<\/p>\n<p>\u00b7 Wiktor Gawrysiak, kl. VIII b2,<\/p>\n<p>\u00b7 Karol Rosik, kl. VIII c<\/p>\n<p><strong>7. Konkurs J\u0119zyka Francuskiego<\/strong><\/p>\n<p>Finalista:<\/p>\n<p>\u00b7 Ignacy Paczoska, kl. VIII b1<\/p>\n<p><strong>8. Konkurs Informatyczny<\/strong><\/p>\n<p>Laureat:<\/p>\n<p>\u00b7 Bolko Wieleba, kl. VIII c<\/p>\n<p><strong>9. Konkurs Wiedzy Biblijnej \u201eHieronymus\u201d 2022<\/strong><\/p>\n<p>Laureatka:<\/p>\n<p>Julia Szabra\u0144ska, kl. VIII c<\/p>\n<p><strong>10. Olimpiada Literatury i J\u0119zyka Polskiego<\/strong><br \/>Maria Szczepanik \u2013 finalistka<\/p>\n<p>\u00a0<\/p>\n<h2>Zwyci\u0119zcy pozosta\u0142ych konkurs\u00f3w w roku szkolnym 2022\/23:<\/h2>\n<h3>1. Wojew\u00f3dzki Konkurs J\u0119zyka Angielskiego &#8222;Albion&#8221;<\/h3>\n<h3>Finalista: Franciszek Kita, kl. VIII b2<\/h3>\n<h3>2. Og\u00f3lnopolski konkurs Fizyczny \u201eLwi\u0105tko\u201d<\/h3>\n<ul>\n<li>\n<h3>Zwyci\u0119zca, czyli zdobywca tytu\u0142u \u201etaon\u201d:\u00a0<\/h3>\n<\/li>\n<li>\n<h3>Jan Wasiuk, kl. VIII c<\/h3>\n<\/li>\n<\/ul>\n<h3>3. Konkurs fotograficzny: Ciekawa fizyka, czyli zjawiska fizyczne w fotografii<\/h3>\n<ul>\n<li>\n<h3>Izabela Maciejuk, kl. VIII c \u2013 II miejsce<\/h3>\n<\/li>\n<\/ul>\n<h3>4. Konkurs interdyscyplinarny: \u201eNiez\u0142omni z Auschwitz: \u015bw. Maksymilian Maria Kolbe\u201d:<\/h3>\n<ul>\n<li>\n<h3>I miejsce: Aleksandra Janik i Julian Albi\u0144ski<\/h3>\n<\/li>\n<li>\n<h3>II miejsce: Julia Bienias i Aleksandra Bienias<\/h3>\n<\/li>\n<li>\n<h3>III miejsce: Teresa Krypiak, Magdalena Dmitruk<\/h3>\n<\/li>\n<\/ul>\n<style>\/*! elementor - v3.18.0 - 20-12-2023 *\/\n.elementor-widget-image{text-align:center}.elementor-widget-image a{display:inline-block}.elementor-widget-image a img[src$=\".svg\"]{width:48px}.elementor-widget-image img{vertical-align:middle;display:inline-block}<\/style>\n<p>\t\t\t\t\t\t\t\t\t\t\t\t<img decoding=\"async\" src=\"https:\/\/felicjanki.edu.pl\/wp-content\/uploads\/elementor\/thumbs\/IMG_3339-scaled-pitq0f714pqzklxtxl6nzqokofm0nvce7xavykveio.jpeg\" title=\"IMG_3339\" alt=\"IMG_3339\" loading=\"lazy\" \/>\t\t\t\t\t\t\t\t\t\t\t\t\t\t\t<\/p>\n<h2>Inne konkursy<\/h2>\n<h3 style=\"text-align: center;\"><strong>Olimpiada Literatury i J\u0119zyka Polskiego<\/strong><\/h3>\n<h3 style=\"text-align: center;\">Maria Szczepanik &#8211; finalistka<\/h3>\n<h3 style=\"text-align: center;\"><strong>Konkurs Interdyscyplinarny: &#8222;Niez\u0142omni z Auschwitz: \u015bw. Maksymilian Maria Kolbe&#8221;<\/strong><\/h3>\n<h3 style=\"text-align: center;\"><strong>I miejsce<\/strong><\/h3>\n<h3 style=\"text-align: center;\">Aleksandra Janik<\/h3>\n<h3 style=\"text-align: center;\">Julian Albi\u0144ski<\/h3>\n<h3 style=\"text-align: center;\"><strong>II miejsce<\/strong><\/h3>\n<h3 style=\"text-align: center;\">Julia Bienias<\/h3>\n<h3 style=\"text-align: center;\">Aleksandra Bienias<\/h3>\n<h3 style=\"text-align: center;\"><strong>III miejsce<\/strong><\/h3>\n<h3 style=\"text-align: center;\">Teresa Krypiak<\/h3>\n<h3 style=\"text-align: center;\">Magdalena Dmitruk<\/h3>\n<p>\t\t\t\t\t\t\t\t\t\t\t\t\t\t\t<img decoding=\"async\" src=\"https:\/\/felicjanki.edu.pl\/wp-content\/uploads\/elementor\/thumbs\/staff-page-pfh172qnq5o5831v0k4ntlr2a331zk7b1qoq3dwjr4.jpg\" title=\"staff-page.jpg\" alt=\"staff-page.jpg\" loading=\"lazy\" \/><\/p>\n","protected":false},"excerpt":{"rendered":"<p>Nasze Sukcesy Konkurs Historyczny Niez\u0142omni z Auschwitz &#8211; Stanis\u0142awa Leszczy\u0144ska 2023\/2024 Finali\u015bci I miejsce Maria Grochowiecka\u00a0 Sara Olszewska kl.6a\u00a0\u00a0 Oliwier Che\u0142chowski\u00a0\u00a0 II miejsce Katarzyna Targielska\u00a0\u00a0Weronika Faszczewska\u00a0\u00a0Ma\u0142gorzata Szczudrawa\u00a0 III miejsce Filip Sikorski\u00a0Lena Matowska\u00a0 \u00a0 Zwyci\u0119zcy konkurs\u00f3w przedmiotowych w roku szkolnym 2023\/2024: Olimpiada Literatury i J\u0119zyka Polskiego Finalistki: \u00b7 Helena Radzikowska \u00b7 Maria Nizio\u0142ek Konkurs Polonistyczny \u00b7 [&hellip;]<\/p>\n","protected":false},"author":1,"featured_media":0,"parent":51,"menu_order":0,"comment_status":"closed","ping_status":"closed","template":"elementor_header_footer","meta":{"footnotes":""},"class_list":["post-229","page","type-page","status-publish","hentry","entry"],"_links":{"self":[{"href":"https:\/\/felicjanki.edu.pl\/index.php?rest_route=\/wp\/v2\/pages\/229","targetHints":{"allow":["GET"]}}],"collection":[{"href":"https:\/\/felicjanki.edu.pl\/index.php?rest_route=\/wp\/v2\/pages"}],"about":[{"href":"https:\/\/felicjanki.edu.pl\/index.php?rest_route=\/wp\/v2\/types\/page"}],"author":[{"embeddable":true,"href":"https:\/\/felicjanki.edu.pl\/index.php?rest_route=\/wp\/v2\/users\/1"}],"replies":[{"embeddable":true,"href":"https:\/\/felicjanki.edu.pl\/index.php?rest_route=%2Fwp%2Fv2%2Fcomments&post=229"}],"version-history":[{"count":83,"href":"https:\/\/felicjanki.edu.pl\/index.php?rest_route=\/wp\/v2\/pages\/229\/revisions"}],"predecessor-version":[{"id":1564,"href":"https:\/\/felicjanki.edu.pl\/index.php?rest_route=\/wp\/v2\/pages\/229\/revisions\/1564"}],"up":[{"embeddable":true,"href":"https:\/\/felicjanki.edu.pl\/index.php?rest_route=\/wp\/v2\/pages\/51"}],"wp:attachment":[{"href":"https:\/\/felicjanki.edu.pl\/index.php?rest_route=%2Fwp%2Fv2%2Fmedia&parent=229"}],"curies":[{"name":"wp","href":"https:\/\/api.w.org\/{rel}","templated":true}]}}