{"id":227,"date":"2022-01-03T14:41:29","date_gmt":"2022-01-03T12:41:29","guid":{"rendered":"http:\/\/46.171.56.51\/?page_id=227"},"modified":"2024-01-11T10:49:18","modified_gmt":"2024-01-11T08:49:18","slug":"konkursy","status":"publish","type":"page","link":"https:\/\/felicjanki.edu.pl\/?page_id=227","title":{"rendered":"Konkursy"},"content":{"rendered":"<h3><strong>Wyniki III etapu konkursu&nbsp;<\/strong><\/h3>\n<h3><strong>&#8222;Niez\u0142omni z Auschwitz: Rotmistrz Witold Pilecki&#8221;:<\/strong><\/h3>\n<p><strong>I miejsce:<\/strong><\/p>\n<p>Magdalena Dmitruk, Hanna Grala, Marta \u015awitaj, Lena Zagata<\/p>\n<p><strong>II miejsce: <\/strong><\/p>\n<p>Antoni Czele\u0144, Aleksander Mendyk, Adam Sommer<\/p>\n<p><strong>III miejsce:<\/strong><\/p>\n<p>Wojciech Parys, Andrzej Podczaski<\/p>\n<h3>Wyniki III etapu wojew\u00f3dzkiego konkursu historycznego\u00a0<\/h3>\n<h3>&#8222;Poszli na b\u00f3j bez broni&#8221;<\/h3>\n<p><strong>I miejsce:<\/strong> Maria Grochowiecka<\/p>\n<p><strong>II miejsce:<\/strong> Jan Wronka<\/p>\n<style>\/*! elementor - v3.18.0 - 20-12-2023 *\/\n.elementor-heading-title{padding:0;margin:0;line-height:1}.elementor-widget-heading .elementor-heading-title[class*=elementor-size-]>a{color:inherit;font-size:inherit;line-height:inherit}.elementor-widget-heading .elementor-heading-title.elementor-size-small{font-size:15px}.elementor-widget-heading .elementor-heading-title.elementor-size-medium{font-size:19px}.elementor-widget-heading .elementor-heading-title.elementor-size-large{font-size:29px}.elementor-widget-heading .elementor-heading-title.elementor-size-xl{font-size:39px}.elementor-widget-heading .elementor-heading-title.elementor-size-xxl{font-size:59px}<\/style>\n<h2>Wojew\u00f3dzki konkurs historyczny &#8222;Poszli na b\u00f3j bez broni&#8221;<\/h2>\n<p>Uczniowie zakwalifikowani do <strong>III etapu Wojew\u00f3dzkiego konkursu&nbsp; historycznego &#8222;Poszli nasi w b\u00f3j bez broni&#8221;:<\/strong><br \/>1. Maria Grochowiecka kl.7a<br \/>2. Jan Wronka kl.7a<\/p>\n<p>Gratulujemy!<\/p>\n<\/p>\n<p>Uczniowie zakwalifikowani do II etapu konkursu:<\/p>\n<p>1. Antoni Janota kl.7c<br \/>2. Maria Grochowiecka kl.7a<br \/>3. Jan Wronka kl.7a<br \/>Gratulujemy!<\/p>\n<p><strong>Wyniki konkursu &#8222;\u017bycie i tw\u00f3rczo\u015b\u0107 Adama Mickiewicza&#8221;<\/strong><\/p>\n<p>LAUREACI<\/p>\n<p><strong>I. miejsce:<\/strong><\/p>\n<p>Hanna Grala\u00a0 (100%)<\/p>\n<p>Zuzanna Klepka (100%)<\/p>\n<p>Julianna Skrodzka (100%)<\/p>\n<p><strong>II. miejsce:<\/strong><\/p>\n<p>Maria Pawikowska (95%)<\/p>\n<p>Pawe\u0142 Skok (90%)<\/p>\n<p><strong>III miejsce:<\/strong><\/p>\n<p>Oliwier Cie\u015blak (70%)<\/p>\n<p>Wojciech Parys (70%)<\/p>\n<p>Finali\u015bci:<\/p>\n<p>Robert Banach<\/p>\n<p>Franciszek Mierz\u0119cki<\/p>\n<p><strong>Uczniowie zakwalifikowani do III etapu konkursu&nbsp;<\/strong><\/p>\n<p><strong>&#8222;Niez\u0142omni z Auschwitz: Rotmistrz Witold Pilecki&#8221;:<\/strong><\/p>\n<p>Antoni Czele\u0144<\/p>\n<p>Magdalena Dmitruk<\/p>\n<p>Hanna Grala<\/p>\n<p>Aleksander Mendyk<\/p>\n<p>Wojciech Parys<\/p>\n<p>Andrzej Podczaski<\/p>\n<p>Adam Sommer<\/p>\n<p>Marta \u015awitaj<\/p>\n<p>Lena Zagata<\/p>\n<p>Gratulujemy!<\/p>\n<p><strong>Uczniowie zakwalifikowani do II etapu wojew\u00f3dzkiego konkursu polonistycznego: \u201e\u017bycie i tw\u00f3rczo\u015b\u0107 Adama Miciewicza\u201d:<\/strong><\/p>\n<p>Maria Ba\u0142oszek<\/p>\n<p>Robert Banach<\/p>\n<p>Oliwier Cie\u015blak<\/p>\n<p>Hanna Grala<\/p>\n<p>Zuzanna Klepka<\/p>\n<p>Franciszek Mierz\u0119cki<\/p>\n<p>Jan Mi\u0142kowski<\/p>\n<p>Wojciech Parys<\/p>\n<p>Maria Pawikowska<\/p>\n<p>Pawe\u0142 Skok<\/p>\n<p>Julianna Skrodzka<\/p>\n<p>Gratulujemy !<\/p>\n<p><strong>Uczniowie zakwalifikowani do II etapu konkursu\u00a0\u201eNiez\u0142omni z Auschwitz: Rotmistrz Witold Pilecki\u201d: <\/strong><\/p>\n<p>Antoni Czele\u0144<\/p>\n<p>Magdalena Dmitruk<\/p>\n<p>Hanna Grala<\/p>\n<p>Aleksander Mendyk<\/p>\n<p>Wojciech Parys<\/p>\n<p>Andrzej Podczaski<\/p>\n<p>Adam Sommer<\/p>\n<p>Marta \u015awitaj<\/p>\n<p>Lena Zagata<\/p>\n<p>Gratulujemy !<\/p>\n<h1>Konkursy wojew\u00f3dzkie w roku szkolnym 2022\/2023 organizowane przez nasz\u0105 Szko\u0142\u0119<\/h1>\n<h2>Niez\u0142omni z Auschwitz: rotmistrz Witold Pilecki &#8211; rok szkolny 2022\/2023<br \/>\n<\/h2>\n<p>Zapraszamy do zapoznania si\u0119 ze szczeg\u00f3\u0142ami konkursu Niez\u0142omni z Auschwitz. <strong>Zg\u0142oszenia przyjmujemy do 10 grudnia!<\/strong> Poni\u017cej znajduj\u0105 si\u0119 pliki do pobrania.<\/p>\n<p>\t\t\t<a href=\"https:\/\/felicjanki.edu.pl\/wp-content\/uploads\/2022\/11\/Harmonogram.pdf\"><br \/>\n\t\t\t\t\t\tHarmnogram konkursu<br \/>\n\t\t\t\t\t<\/a><br \/>\n\t\t\t<a href=\"https:\/\/felicjanki.edu.pl\/wp-content\/uploads\/2022\/11\/Regulamin-konkursu.docx\"><br \/>\n\t\t\t\t\t\tRegulamin konkursu Niez\u0142omni z Auschwitz<br \/>\n\t\t\t\t\t<\/a><br \/>\n\t\t\t<a href=\"https:\/\/felicjanki.edu.pl\/wp-content\/uploads\/2022\/11\/Formularz-zgloszeniowy.docx\"><br \/>\n\t\t\t\t\t\tFormularz zg\u0142oszeniowy<br \/>\n\t\t\t\t\t<\/a><\/p>\n<h2>Wojew\u00f3dzki konkurs historyczny <b>\u201e<i>Poszli nasi w b\u00f3j bez broni<\/i>\u201d<\/b><br \/><\/h2>\n<p>Serdecznie zapraszamy do udzia\u0142u w konkursie wiedzy historycznej\u00a0\u201e<i>Poszli nasi w b\u00f3j bez broni<\/i>\u201d \u2013 powstanie styczniowe w 160. rocznic\u0119 walki narodowowyzwole\u0144czej<b style=\"text-align: center;\">. Zg\u0142oszenia przyjmujemy do dn. 14 stycznia 2023 r. <\/b>Poni\u017cej zamieszczone s\u0105 szczeg\u00f3\u0142owe informacje.<\/p>\n<p style=\"text-align: center;\" align=\"center\">\u00a0<\/p>\n<p>\t\t\t<a href=\"https:\/\/felicjanki.edu.pl\/wp-content\/uploads\/2022\/11\/Regulamin-konkursu-historycznego-1-1.pdf\"><br \/>\n\t\t\t\t\t\tRegulamin konkursu historycznego<br \/>\n\t\t\t\t\t<\/a><br \/>\n\t\t\t<a href=\"https:\/\/felicjanki.edu.pl\/wp-content\/uploads\/2022\/11\/Harmonogram-1.pdf\"><br \/>\n\t\t\t\t\t\tHarmonogram konkursu historycznego<br \/>\n\t\t\t\t\t<\/a><br \/>\n\t\t\t<a href=\"https:\/\/felicjanki.edu.pl\/wp-content\/uploads\/2022\/11\/Formularz-zgloszeniowy-1.docx\"><br \/>\n\t\t\t\t\t\tFormularz zg\u0142oszeniowy<br \/>\n\t\t\t\t\t<\/a><br \/>\n\t\t\t<a href=\"https:\/\/felicjanki.edu.pl\/wp-content\/uploads\/2022\/11\/Zgoda-rodzicow-na-uczestnictwo-dziecka-w-konkursie-1.docx\"><br \/>\n\t\t\t\t\t\tZgoda rodzic\u00f3w<br \/>\n\t\t\t\t\t<\/a><\/p>\n<h2>Konkurs polonistyczny o \u017cyciu i tw\u00f3rczo\u015bci Adama Mickiewicza<br \/><\/h2>\n<p>Zapraszamy do udzia\u0142u w wojew\u00f3dzkim konkursie o \u017cyciu i tw\u00f3rczo\u015bci Adama Mickiewicza &#8211; \u00a0w dwusetn\u0105 rocznic\u0119 narodzin polskiego romantyzmu. Zg\u0142oszenia przyjmujemy do dn. <strong>15 grudnia 2022 r.<\/strong><\/p>\n<p>\t\t\t<a href=\"https:\/\/felicjanki.edu.pl\/wp-content\/uploads\/2022\/11\/Regulamin-konkursu-Mickiewicz.pdf\"><br \/>\n\t\t\t\t\t\tRegulamin konkursu polonistycznego<br \/>\n\t\t\t\t\t<\/a><br \/>\n\t\t\t<a href=\"https:\/\/felicjanki.edu.pl\/wp-content\/uploads\/2022\/11\/Harmonogram-Mickiewicz.pdf\"><br \/>\n\t\t\t\t\t\tHarmonogram konkursu polonistycznego<br \/>\n\t\t\t\t\t<\/a><br \/>\n\t\t\t<a href=\"https:\/\/felicjanki.edu.pl\/wp-content\/uploads\/2022\/11\/Formularz-zgloszeniowy-2.docx\"><br \/>\n\t\t\t\t\t\tFromularz zg\u0142oszeniowy<br \/>\n\t\t\t\t\t<\/a><br \/>\n\t\t\t<a href=\"https:\/\/felicjanki.edu.pl\/wp-content\/uploads\/2022\/11\/Zgoda-rodzicow-na-uczestnictwo-dziecka-w-konkursie.docx\"><br \/>\n\t\t\t\t\t\tZgoda rodzic\u00f3w<br \/>\n\t\t\t\t\t<\/a><\/p>\n<h2>Konkursy w roku szkolnym 2021\/2022<\/h2>\n<p>\t\t\t<a href=\"https:\/\/felicjanki.edu.pl\/wp-content\/uploads\/2022\/01\/Regulamin-konkursu-Niezlomni-z-Auschwitz.pdf\"><br \/>\n\t\t\t\t\t\tRegulamin konkursu Niez\u0142omni z Auschwitz<br \/>\n\t\t\t\t\t<\/a><br \/>\n\t\t\t<a href=\"https:\/\/felicjanki.edu.pl\/wp-content\/uploads\/2022\/02\/Harmonogram-_III_etap_zmiana_.pdf\"><br \/>\n\t\t\t\t\t\tHarmonogram III etapu konkurs\u00f3w przedmiotowych<br \/>\n\t\t\t\t\t<\/a><br \/>\n\t\t\t<a href=\"https:\/\/felicjanki.edu.pl\/wp-content\/uploads\/2022\/02\/Miejsca-III-etapu.pdf\"><br \/>\n\t\t\t\t\t\tMiejsca przebiegu III etapu konkurs\u00f3w przedmiotowych<br \/>\n\t\t\t\t\t<\/a><\/p>\n<h2>Konkursy w roku szkolnym 2023\/2024<\/h2>\n<h2>Uczniowie zakwalifikowani do II etapu konkursu &#8222;Niez\u0142omni z Auschwitz&#8221; 2024<\/p>\n<h2 data-elementor-setting-key=\"title\" data-pen-placeholder=\"Pisz tutaj...\" style=\"font-variant-ligatures: normal; font-variant-caps: normal; font-family: &quot;Open Sans&quot;, sans-serif; font-style: normal;\"><\/h2>\n<h6>1. Maria Grochowiecka<br \/>2. Katarzyna Targielska<br \/>3. Weronika Faszczewska<br \/>4. Klara Janota<br \/>5. Oliwier Che\u0142chowski<br \/>6. Filip Sikorski<br \/>7. Oliwia Wiecha<br \/>8. Lena Matowska<br \/>9. Sara Olszewska<br \/>10. Maria Biela<\/h6>\n<p><em style=\"font-size: 20px;\">GRATULUJEMY!<\/em><\/h2>\n","protected":false},"excerpt":{"rendered":"<p>Wyniki III etapu konkursu&nbsp; &#8222;Niez\u0142omni z Auschwitz: Rotmistrz Witold Pilecki&#8221;: I miejsce: Magdalena Dmitruk, Hanna Grala, Marta \u015awitaj, Lena Zagata II miejsce: Antoni Czele\u0144, Aleksander Mendyk, Adam Sommer III miejsce: Wojciech Parys, Andrzej Podczaski Wyniki III etapu wojew\u00f3dzkiego konkursu historycznego\u00a0 &#8222;Poszli na b\u00f3j bez broni&#8221; I miejsce: Maria Grochowiecka II miejsce: Jan Wronka Wojew\u00f3dzki konkurs [&hellip;]<\/p>\n","protected":false},"author":1,"featured_media":0,"parent":0,"menu_order":0,"comment_status":"closed","ping_status":"closed","template":"elementor_header_footer","meta":{"footnotes":""},"class_list":["post-227","page","type-page","status-publish","hentry","entry"],"_links":{"self":[{"href":"https:\/\/felicjanki.edu.pl\/index.php?rest_route=\/wp\/v2\/pages\/227","targetHints":{"allow":["GET"]}}],"collection":[{"href":"https:\/\/felicjanki.edu.pl\/index.php?rest_route=\/wp\/v2\/pages"}],"about":[{"href":"https:\/\/felicjanki.edu.pl\/index.php?rest_route=\/wp\/v2\/types\/page"}],"author":[{"embeddable":true,"href":"https:\/\/felicjanki.edu.pl\/index.php?rest_route=\/wp\/v2\/users\/1"}],"replies":[{"embeddable":true,"href":"https:\/\/felicjanki.edu.pl\/index.php?rest_route=%2Fwp%2Fv2%2Fcomments&post=227"}],"version-history":[{"count":173,"href":"https:\/\/felicjanki.edu.pl\/index.php?rest_route=\/wp\/v2\/pages\/227\/revisions"}],"predecessor-version":[{"id":1401,"href":"https:\/\/felicjanki.edu.pl\/index.php?rest_route=\/wp\/v2\/pages\/227\/revisions\/1401"}],"wp:attachment":[{"href":"https:\/\/felicjanki.edu.pl\/index.php?rest_route=%2Fwp%2Fv2%2Fmedia&parent=227"}],"curies":[{"name":"wp","href":"https:\/\/api.w.org\/{rel}","templated":true}]}}