{"id":188,"date":"2022-01-03T14:11:49","date_gmt":"2022-01-03T12:11:49","guid":{"rendered":"http:\/\/46.171.56.51\/?page_id=188"},"modified":"2022-01-03T14:46:25","modified_gmt":"2022-01-03T12:46:25","slug":"poslannictwo","status":"publish","type":"page","link":"https:\/\/felicjanki.edu.pl\/?page_id=188","title":{"rendered":"Pos\u0142annictwo"},"content":{"rendered":"\n<p><em>Strze\u017cemy rzetelnego d\u0105\u017cenia do prawdy<\/em><\/p>\n\n\n<p>i w duchu ewangelicznego braterstwa<\/p>\n\n\n<p><em>razem zmierzamy do g\u0142\u0119bokiego prze\u017cywania<\/em><\/p>\n\n\n<p><em>chrze\u015bcija\u0144stwa oraz pe\u0142nego rozwoju ludzkiej osoby.<\/em><\/p>\n\n\n<p>Komentarz<\/p>\n\n\n<p><strong><em>PRAWDA:&nbsp;&nbsp;&nbsp;&nbsp; <\/em><\/strong><em>Jako spo\u0142eczno\u015b\u0107 Szk\u00f3\u0142 Si\u00f3str Felicjanek<\/em><\/p>\n\n\n<p><em>w Warszawie, staramy si\u0119 tworzy\u0107 klimat g\u0142\u0119bokiego<\/em><\/p>\n\n\n<p><em>szacunku dla prawdy, kt\u00f3r\u0105 wsp\u00f3lnie odkrywamy,<\/em><\/p>\n\n\n<p><em>przekazujemy j\u0105 i na niej opieramy wzajemne relacje.<\/em><\/p>\n\n\n<p><strong><em>BRATERSTWO, ROZW\u00d3J OSOBY:&nbsp;&nbsp;&nbsp;&nbsp; <\/em><\/strong><em>W atmosferze<\/em><\/p>\n\n\n<p><em>wsp\u00f3lnoty i g\u0142\u0119bokiego szacunku dla daru \u017cycia<\/em><\/p>\n\n\n<p><em>wychowujemy do wolno\u015bci w jej chrze\u015bcija\u0144skim<\/em><\/p>\n\n\n<p><em>rozumieniu. Odpowiadaj\u0105c na wyzwania \u015bwiata, tw\u00f3rczo<\/em><\/p>\n\n\n<p><em>uczestniczymy w kulturze Europy i jednocze\u015bnie<\/em><\/p>\n\n\n<p><em>kszta\u0142tujemy postaw\u0119 umi\u0142owania dziedzictwa Ojczyzny<\/em><\/p>\n\n\n<p><em>i odpowiedzialno\u015bci za nie.<\/em><\/p>\n\n\n<p><strong><em>WIARA:&nbsp;&nbsp;&nbsp;&nbsp; <\/em><\/strong><em>Nasz\u0105 dzia\u0142alno\u015b\u0107 opieramy na nauce Ko\u015bcio\u0142a<\/em><\/p>\n\n\n<p><em>Rzymskokatolickiego oraz tradycji franciszka\u0144skiej.<\/em><\/p>\n\n\n<p><em>Wsp\u00f3lnie uczymy si\u0119 przede wszystkim czerpa\u0107<\/em><\/p>\n\n\n<p><em>z bogactwa S\u0142owa Bo\u017cego i Eucharystii.<\/em><\/p>\n\n\n<h1 class=\"wp-block-heading\">&nbsp;<\/h1>\n","protected":false},"excerpt":{"rendered":"<p>Strze\u017cemy rzetelnego d\u0105\u017cenia do prawdy i w duchu ewangelicznego braterstwa razem zmierzamy do g\u0142\u0119bokiego prze\u017cywania chrze\u015bcija\u0144stwa oraz pe\u0142nego rozwoju ludzkiej osoby. Komentarz PRAWDA:&nbsp;&nbsp;&nbsp;&nbsp; Jako spo\u0142eczno\u015b\u0107 Szk\u00f3\u0142 Si\u00f3str Felicjanek w Warszawie, staramy si\u0119 tworzy\u0107 klimat g\u0142\u0119bokiego szacunku dla prawdy, kt\u00f3r\u0105 wsp\u00f3lnie odkrywamy, przekazujemy j\u0105 i na niej opieramy wzajemne relacje. BRATERSTWO, ROZW\u00d3J OSOBY:&nbsp;&nbsp;&nbsp;&nbsp; W atmosferze wsp\u00f3lnoty [&hellip;]<\/p>\n","protected":false},"author":1,"featured_media":0,"parent":0,"menu_order":0,"comment_status":"closed","ping_status":"closed","template":"elementor_header_footer","meta":{"footnotes":""},"class_list":["post-188","page","type-page","status-publish","hentry","entry"],"_links":{"self":[{"href":"https:\/\/felicjanki.edu.pl\/index.php?rest_route=\/wp\/v2\/pages\/188","targetHints":{"allow":["GET"]}}],"collection":[{"href":"https:\/\/felicjanki.edu.pl\/index.php?rest_route=\/wp\/v2\/pages"}],"about":[{"href":"https:\/\/felicjanki.edu.pl\/index.php?rest_route=\/wp\/v2\/types\/page"}],"author":[{"embeddable":true,"href":"https:\/\/felicjanki.edu.pl\/index.php?rest_route=\/wp\/v2\/users\/1"}],"replies":[{"embeddable":true,"href":"https:\/\/felicjanki.edu.pl\/index.php?rest_route=%2Fwp%2Fv2%2Fcomments&post=188"}],"version-history":[{"count":5,"href":"https:\/\/felicjanki.edu.pl\/index.php?rest_route=\/wp\/v2\/pages\/188\/revisions"}],"predecessor-version":[{"id":243,"href":"https:\/\/felicjanki.edu.pl\/index.php?rest_route=\/wp\/v2\/pages\/188\/revisions\/243"}],"wp:attachment":[{"href":"https:\/\/felicjanki.edu.pl\/index.php?rest_route=%2Fwp%2Fv2%2Fmedia&parent=188"}],"curies":[{"name":"wp","href":"https:\/\/api.w.org\/{rel}","templated":true}]}}